{"id":2253,"date":"2018-09-25T07:18:18","date_gmt":"2018-09-25T07:18:18","guid":{"rendered":"https:\/\/www.fondoalpha.it\/opa-fondo-alpha\/"},"modified":"2018-10-16T10:19:03","modified_gmt":"2018-10-16T10:19:03","slug":"opa-alpha-fund","status":"publish","type":"page","link":"https:\/\/www.fondoalpha.it\/en\/opa-alpha-fund\/","title":{"rendered":"OPA Alpha Fund"},"content":{"rendered":"<h2>AVVERTENZE<\/h2>\n<p>&nbsp;<\/p>\n<p>La presente Sezione del sito \u00e8 dedicata all\u2019offerta pubblica di acquisto volontaria (\u201c<u>Offerta<\/u>\u201d), promossa da Blado Investments S.C.A. (l\u2019\u201c<u>Offerente<\/u>\u201d) sulle quote del fondo comune d\u2019investimento immobiliare di tipo chiuso denominato \u201cFondo Alpha Immobiliare \u2013 Fondo Comune di Investimento Immobiliare di tipo Chiuso\u201d (il \u201c<u>Fondo<\/u>\u201d) gestito da Dea Capital Real Estate SGR Societ\u00e0 di Gestione del Risparmio S.p.A. (\u201c<u>Dea Capital Real Estate SGR<\/u>\u201d o \u201c<u>SGR<\/u>\u201d). Le quote del Fondo (le \u201c<u>Quote<\/u>\u201d) sono ammesse alle negoziazioni sul Mercato degli Investment Vehicles (MIV), segmento mercato dei Fondi Chiusi del Mercato Telematico Azionario (MTA) organizzato e gestito da Borsa Italiana S.p.A., dal luglio 2002.<\/p>\n<p>In particolare, l\u2019Offerta ha ad oggetto la totalit\u00e0 delle Quote emesse dal Fondo (n. 103.875 Quote), al netto delle Quote detenute dalla SGR ai sensi delle disposizioni di legge e regolamentari . In particolare, la SGR detiene n. 1.557 Quote, di cui n. 1.040 detenute in conformit\u00e0 alle disposizioni di legge e regolamentari.<\/p>\n<p>La SGR, per facilitare l\u2019accesso dei partecipanti al Fondo alla documentazione informativa concernente l\u2019Offerta, mette a disposizione nella presente sezione il materiale relativo all\u2019Offerta stessa.<\/p>\n<p>Al riguardo si segnala quanto segue:<\/p>\n<ol>\n<li>la pubblicazione nel sito della SGR o del Fondo dei documenti concernenti l\u2019Offerta non costituisce in alcun modo una sollecitazione ad aderire all\u2019Offerta da parte della SGR.<\/li>\n<li value=\"2\">La SGR non ha verificato l\u2019originalit\u00e0 o la completezza dei documenti pubblicati dall\u2019Offerente e resi disponibili su questo sito in formato elettronico. Pertanto, la SGR non assume alcuna responsabilit\u00e0 per le eventuali differenze tra i suddetti documenti disponibili in formato elettronico su questo sito Internet e qualsiasi altra copia cartacea dei medesimi altrimenti disponibile.<\/li>\n<li value=\"3\">L\u2019Offerente ha precisato che l\u2019Offerta \u00e8 promossa esclusivamente sul mercato italiano, unico mercato nel quale sono negoziate le Quote del Fondo, e che \u00e8 rivolta, indistintamente ed a parit\u00e0 di condizioni, a tutti i titolari delle Quote medesime. Pertanto, l\u2019Offerta non \u00e8 stata e non sar\u00e0 promossa negli Stati Uniti d&#8217;America \u2013 ovvero non \u00e8 stata e non sar\u00e0 rivolta ad una U.S. Person (come definita ai sensi del U.S. Securities Act del 1933 e successive modificazioni) \u2013 n\u00e9 \u00e8 stata e sar\u00e0 promossa in Canada, Giappone e Australia, nonch\u00e9 in qualsiasi altro Paese nel quale tale diffusione non sia consentita in assenza di autorizzazione da parte delle competenti autorit\u00e0 (gli \u201c<u>Altri Paesi<\/u>\u201d), n\u00e9 utilizzando strumenti di comunicazione o commercio internazionale (ivi inclusi, a titolo esemplificativo, la rete postale, il fax, il telex, la posta elettronica, il telefono ed Internet) degli Stati Uniti d&#8217;America, Canada, Giappone, Australia o degli Altri Paesi, n\u00e9 qualsivoglia struttura di alcuno degli intermediari finanziari degli Stati Uniti d&#8217;America, Canada, Giappone, Australia o degli Altri Paesi, n\u00e9 in alcun altro modo.<\/li>\n<\/ol>\n<p>L\u2019adesione all\u2019Offerta da parte di soggetti residenti in Paesi diversi dall\u2019Italia pu\u00f2 essere soggetta a specifici obblighi o restrizioni previsti da disposizioni di legge o regolamentari. Al riguardo, <u>\u00e8 esclusiva responsabilit\u00e0 dei destinatari dell\u2019Offerta verificare l\u2019esistenza e l\u2019applicabilit\u00e0 di tali disposizioni rivolgendosi a propri consulenti e conformarsi alle disposizioni stesse prima dell\u2019adesione all\u2019Offerta<\/u>.<\/p>\n<p>Il documento di Offerta, la documentazione e le informazioni riportate nella presente sezione del sito internet non costituiscono e non potranno essere, pertanto, interpretati quali offerta di strumenti finanziari rivolta a soggetti residenti negli Stati Uniti d\u2019America, Canada, Giappone, Australia o negli Altri Paesi. Chiunque venga in possesso dei summenzionati documenti dovr\u00e0 astenersi dal trasmetterli o distribuirli, direttamente o indirettamente, dagli e\/o negli Stati Uniti d\u2019America, Australia, Canada, Giappone o negli Altri Paesi, ovvero a U.S. Person.<\/p>\n<p><strong>Chiunque intenda prendere visione del documento di Offerta e degli altri documenti presenti in questa sezione del sito deve leggere attentamente e avere piena consapevolezza di quanto sopra riportato. Premendo il pulsante \u201caccetto\u201d, si dichiara e garantisce di aver compreso integralmente ed accettato di rispettare tutte le limitazioni sopra indicate e si dichiara di non essere una U.S. Person e di non trovarsi fisicamente n\u00e9 di essere residente negli Stati Uniti d&#8217;America, Australia, Canada, Giappone o in uno degli Altri Paesi.<\/strong><\/p>\n","protected":false},"excerpt":{"rendered":"<p>AVVERTENZE &nbsp; La presente Sezione del sito \u00e8 dedicata all\u2019offerta pubblica di acquisto volontaria (\u201cOfferta\u201d), promossa da Blado Investments S.C.A. (l\u2019\u201cOfferente\u201d) sulle quote del fondo comune d\u2019investimento immobiliare di tipo chiuso denominato \u201cFondo Alpha Immobiliare \u2013 Fondo Comune di Investimento Immobiliare di tipo Chiuso\u201d (il \u201cFondo\u201d) gestito da Dea Capital Real Estate SGR Societ\u00e0 di [&hellip;]<\/p>\n","protected":false},"author":2,"featured_media":0,"parent":0,"menu_order":0,"comment_status":"closed","ping_status":"closed","template":"category.php","meta":{"_acf_changed":false,"footnotes":""},"class_list":["post-2253","page","type-page","status-publish","hentry"],"acf":[],"_links":{"self":[{"href":"https:\/\/www.fondoalpha.it\/en\/wp-json\/wp\/v2\/pages\/2253","targetHints":{"allow":["GET"]}}],"collection":[{"href":"https:\/\/www.fondoalpha.it\/en\/wp-json\/wp\/v2\/pages"}],"about":[{"href":"https:\/\/www.fondoalpha.it\/en\/wp-json\/wp\/v2\/types\/page"}],"author":[{"embeddable":true,"href":"https:\/\/www.fondoalpha.it\/en\/wp-json\/wp\/v2\/users\/2"}],"replies":[{"embeddable":true,"href":"https:\/\/www.fondoalpha.it\/en\/wp-json\/wp\/v2\/comments?post=2253"}],"version-history":[{"count":0,"href":"https:\/\/www.fondoalpha.it\/en\/wp-json\/wp\/v2\/pages\/2253\/revisions"}],"wp:attachment":[{"href":"https:\/\/www.fondoalpha.it\/en\/wp-json\/wp\/v2\/media?parent=2253"}],"curies":[{"name":"wp","href":"https:\/\/api.w.org\/{rel}","templated":true}]}}