{"id":2226,"date":"2018-09-28T10:11:44","date_gmt":"2018-09-28T10:11:44","guid":{"rendered":"https:\/\/www.fondoalpha.it\/?page_id=2226"},"modified":"2018-09-28T10:11:44","modified_gmt":"2018-09-28T10:11:44","slug":"termini-di-utilizzo","status":"publish","type":"page","link":"https:\/\/www.fondoalpha.it\/en\/termini-di-utilizzo\/","title":{"rendered":"Termini di utilizzo"},"content":{"rendered":"<p><strong>Accettazione dei termini e condizioni<\/strong><br \/>\nL&#8217;accettazione puntuale dei termini, delle condizioni e delle avvertenze contenute nel presente sito Web \u00e8 condizione necessaria per l&#8217;utilizzazione dello stesso e dei relativi servizi. L&#8217;uso dei siti Web di titolarit\u00e0 di Dea Capital Real Estate SGR comporta l&#8217;accettazione di tutti i termini, le condizioni di utilizzo e le avvertenze qui di seguito riportate. Ulteriori termini, condizioni e avvertenze di utilizzo sostitutivi e\/o integrativi di quanto qui previsto possono essere specificati ed indicati in altre parti all&#8217;interno dei siti suddetti e\/o accedendo a specifici servizi. L&#8217;uso dei siti Web di titolarit\u00e0 di Dea Capital Real Estate SGRcomporta accettazione anche di tali condizioni, termini e avvertenze, che formano parte integrante e sostanziale della disciplina per l&#8217;utilizzo dei servizi degli anzidetti siti.<\/p>\n<p><strong>Modifiche dei termini e condizioni<\/strong><br \/>\nDea Capital Real Estate SGR si riserva il diritto di modificare, a suo esclusivo e insindacabile giudizio, in qualsiasi momento e senza alcun preavviso, i termini, le condizioni e le avvertenze, ai sensi dei quali vengono offerti i servizi e le informazioni contenute nei siti Web di titolarit\u00e0 di Dea Capital Real Estate SGR. E&#8217; interamente a Vostro carico la responsabilit\u00e0 del controllo costante di detti termini, condizioni ed avvertenze. L&#8217;uso dei suddetti siti Web o dei loro servizi successivo alle intervenute modifiche comporta il Vostro assenso alle stesse.<\/p>\n<p><strong>Restrizioni di utilizzo<\/strong><br \/>\nI siti Web di titolarit\u00e0 di Dea Capital Real Estate SGR e i relativi servizi sono destinati ad un uso personale e non commerciale, salvo espressa previsione in senso contrario. E&#8217; espressamente vietato modificare, copiare, distribuire, trasmettere, mostrare, rappresentare, riprodurre, pubblicare, creare dei lavori derivati da, cedere, o vendere qualsiasi informazione, software, prodotti o servizi ottenuti tramite i suddetti siti e i relativi servizi. La stipula di uno specifico accordo in tal senso con Dea Capital Real Estate SGR \u00e8 condizione necessaria per l&#8217;utilizzo a fini commerciali dei siti Web e\/o dei relativi servizi.<br \/>\nPer ricevere maggiori informazioni a riguardo si prega di contattare il gestore del sito agli indirizzi indicati nello stesso.<\/p>\n<p><strong>Collegamenti a siti di terze parti<\/strong><br \/>\nTutti i siti Web a cui accedete, anche tramite l&#8217;esistenza nel presente sito Web di un collegamento ipertestuale (link), sono totalmente indipendenti dai siti www.fimit.it, www.fimit.com, www.fondiimmobiliariitaliani.it, www.fondiimmobiliariitaliani.com, www.fondimmobiliaritaliani.it, www.fondimmobiliaritaliani.com, www.fondoalpha.it, www.fondoalpha.com, e Dea Capital Real Estate SGR non ha alcun potere di controllo, n\u00e8 diretto n\u00e8 indiretto, sugli stessi e sul loro contenuto o utilizzo. L&#8217;utente riconosce e accetta che nessun tipo di responsabilit\u00e0, neanche indiretta potr\u00e0 essere imputata a Dea Capital Real Estate SGR per i contenuti e i servizi e l&#8217;utilizzazione dei siti Web di cui sopra, e che l&#8217;esistenza, negli anzidetti siti, di un collegamento ipertestuale (link) verso un altro sito non comporta alcun tipo di approvazione od accettazione di responsabilit\u00e0 da parte di Dea Capital Real Estate SGR circa il contenuto o l&#8217;utilizzazione del sito collegato. Le regole di tutela della privacy stabilite nel presente sito possono non trovare applicazione con riguardo a siti di terze parti su cui Dea Capital Real Estate SGR, si ribadisce, non ha alcun controllo.<\/p>\n<p><strong>Divieto di usi illegali o proibiti<\/strong><br \/>\nL&#8217;utilizzo di questo sito Web e dei relativi servizi, comporta l&#8217;obbligo di non utilizzare gli stessi per scopi illegali o contrari alle presenti condizioni d&#8217;uso, termini e avvertenze, o con modalit\u00e0 che potrebbero danneggiarlo, renderlo inagibile, sovraccaricarlo o deteriorarlo o interferire con l&#8217;uso e il godimento dello stesso da parte degli altri utenti. L&#8217;utente ha l&#8217;obbligo di non tentare di accedere in modo non autorizzato ai siti o ai servizi Dea Capital Real Estate SGR, ad altri account a sistemi o reti connessi ai siti o ai servizi Dea Capital Real Estate SGR tramite operazioni di pirateria informatica, contraffazione della password o altri mezzi. L&#8217;utente inoltre ha l&#8217;obbligo di non ottenere o tentare di ottenere materiali o informazioni tramite mezzi che non siano intenzionalmente resi disponibili o forniti tramite i siti o i servizi Dea Capital Real Estate SGR.<\/p>\n<p><strong>Assenza di garanzie<\/strong><br \/>\nI servizi non a pagamento dei siti Web di titolarit\u00e0 di Dea Capital Real Estate SGR forniscono informazioni generali e non hanno lo scopo di esaudire Vostre richieste particolari. In particolare, essi non danno luogo ad alcuna forma di consulenza o raccomandazione e non hanno l&#8217;intenzione di indurre gli utenti a prendere o ad astenersi dal prendere decisioni di qualsiasi natura (incluse decisioni a carattere finanziario o legale). Prima di prendere decisioni del genere \u00e8 necessario ottenere una consulenza personalizzata. Dea Capital Real Estate SGR non potr\u00e0 in alcun modo essere ritenuta responsabile, n\u00e9 direttamente n\u00e9 indirettamente, per qualsiasi accordo intercorso tra l&#8217;utente e una qualsiasi terza parte nominata sui siti Web di titolarit\u00e0 di Dea Capital Real Estate SGR.<\/p>\n<p><strong>Limitazioni di responsabilit\u00e0<\/strong><br \/>\nL&#8217;utente riconosce ed accetta che l&#8217;uso dei siti di titolarit\u00e0 di Dea Capital Real Estate SGR \u00e8 a suo esclusivo rischio e pericolo. L&#8217;utente accetta che i suddetti siti Web e tutti i relativi contenuti, quali, a titolo esemplificativo ma non esaustivo, i servizi, i prodotti e le pubblicit\u00e0 (collettivamente, &#8220;servizi offerti&#8221;) sono forniti &#8220;cos\u00ec come sono&#8221;, &#8220;con tutti gli errori&#8221; e &#8220;se disponibili&#8221;. Dea Capital Real Estate SGR, pertanto, non rilascia alcun tipo di garanzia, esplicita o implicita, riguardo tali servizi offerti, ivi compresi, senza alcuna limitazione, la commerciabilit\u00e0, la liceit\u00e0, il diritto di propriet\u00e0, la convenienza o l&#8217;adeguatezza a particolari scopi o usi. Dea Capital Real Estate SGR non garantisce che gli anzidetti siti Web siano compatibili con le apparecchiature dell&#8217;utente o che siano privi di errori o virus, bachi o &#8220;cavalli di Troia&#8221;. Dea Capital Real Estate SGR non \u00e8 responsabile per i danni subiti dall&#8217;utente a causa di tali elementi di carattere distruttivo.<\/p>\n<p>L&#8217;utente riconosce e accetta che Dea Capital Real Estate SGR, i suoi collaboratori o i suoi fornitori non sono responsabili: i) per i danni causati da negligenze di Dea Capital Real Estate SGR, dei suoi collaboratori, subappaltatori, agenti, fornitori o per i danni comunque derivanti dai siti di titolarit\u00e0 di Dea Capital Real Estate SGR, nonch\u00e9 per i mancati guadagni, per le perdite, per i danni incidentali o consequenziali o per qualsiasi altro danno parziale o totale, diretto o indiretto; ii) per disfunzioni nell&#8217;utilizzazione dei materiali o dei servizi dei siti suddetti causate dal computer o dalle apparecchiature dell&#8217;utente.<\/p>\n<p>Dea Capital Real Estate SGR non \u00e8 in alcun modo responsabile dei contenuti e dei servizi posti in siti Web a cui doveste accedere tramite i siti di sua titolarit\u00e0. Quando accedete ad un altro sito Web, ricordate che esso \u00e8 indipendente dal siti di Dea Capital Real Estate SGR e che quest&#8217;ultima non ha alcun controllo sul contenuto del sito in questione. Inoltre l&#8217;esistenza di un collegamento ipertestuale (link) verso un altro sito non comporta l&#8217;approvazione o un&#8217;accettazione di responsabilit\u00e0, neanche parziale e\/o indiretta, da parte di Dea Capital Real Estate SGR circa il contenuto o l&#8217;utilizzazione del sito.<br \/>\nDea Capital Real Estate SGR inoltre non \u00e8 responsabile in alcun modo per la bont\u00e0 dei servi di connettivit\u00e0 da Voi utilizzati per connetterVi alla rete e raggiungere i siti e fruire i servizi nello stesso accessibili. Dea Capital Real Estate SGR non pu\u00f2 in alcun modo essere ritenuto responsabile per la disponibilit\u00e0 continua delle linee telefoniche e delle apparecchiature che l&#8217;utente utilizza per accedere al presente sito.<\/p>\n<p>Dea Capital Real Estate SGR e\/o i fornitori del servizio, conformemente alle regole del servizio possono decidere in qualsiasi momento e senza alcun preavviso di inibire o proibire l&#8217;accesso al servizio e ai suoi contenuti.<\/p>\n<p>IN NESSUNA CIRCOSTANZA, IVI COMPRESA, SENZA ALCUNA LIMITAZIONE, LA NEGLIGENZA, Dea Capital Real Estate SGR ED I SUOI FORNITORI POTRANNO ESSERE RITENUTI RESPONSABILI, PER QUALSIASI DANNO DIRETTO O INDIRETTO, CONSEQUENZIALE O ACCIDENTALE, LEGATO ALL&#8217;USO DEI SITI WEB DI SUA TITOLARITA&#8217; O DI ALTRI SITI WEB AGLI STESSI COLLEGATI DA UN LINK IPERTESTO, IVI COMPRESI SENZA ALCUN LIMITAZIONE, I DANNI QUALI LA PERDITA DEI PROFITTI O FATTURATO, L&#8217;INTERRUZIONE DI ATTIVIT\u00c0 AZIENDALE O PROFESSIONALE, LA PERDITA DI PROGRAMMI O ALTRO TIPO DI DATI UBICATI SUL SISTEMA INFORMATICO DELL&#8217;UTENTE O ALTRO SISTEMA E CI\u00d2 ANCHE QUALORA Dea Capital Real Estate SGR FOSSE STATA ESPRESSAMENTE MESSA AL CORRENTE DELLA POSSIBILIT\u00c0 DEL VERIFICARSI DI TALI DANNI E GLI STESSI SIANO STATI CAUSATI DA ERRORE, COLPA O NEGLIGENZA DI Dea Capital Real Estate SGR.<\/p>\n<p><strong>Interruzione dell&#8217; accesso<\/strong><br \/>\nDea Capital Real Estate SGR si riserva il diritto, a sua esclusiva e insindacabile discrezione, in qualsiasi momento e senza preventivo avviso, di interrompere il Vostro accesso o l&#8217;accesso di terzi ai siti Web di sua titolarit\u00e0 ed ai relativi servizi.<\/p>\n<p><strong>Principi generali<\/strong><br \/>\nI termini e le condizioni di utilizzo del servizio sono regolati dalla normativa e dalle direttive dell&#8217;Unione Europea. Per ogni controversia che dovesse insorgere a seguito dell&#8217;uso dei siti di titolarit\u00e0 di Dea Capital Real Estate SGR o dei relativi servizi \u00e8 competente la giurisdizione esclusiva del paese (attualmente l&#8217;ITALIA) in cui \u00e8 sito il server che eroga i servizi. L&#8217;uso dei siti di titolarit\u00e0 di Dea Capital Real Estate SGR e dei relativi servizi non \u00e8 autorizzato in quelle giurisdizioni che non rispettano le previsioni di questi termini e condizioni, compresi quelli di questo paragrafo. L&#8217;utente riconosce che non esiste alcuna joint venture, associazione, rapporto di lavoro, rapporto d&#8217;agenzia tra l&#8217;utente e Dea Capital Real Estate SGR derivante dai presenti termini e condizioni o dall&#8217;uso dei siti di titolarit\u00e0 Dea Capital Real Estate SGR o dei relativi servizi, salvo in caso di espressa previsione contraria.<br \/>\nNel caso in cui un qualsiasi termine e\/o condizione di utilizzo contenuto nei presenti termini e condizioni o un qualsiasi termine e\/o condizione contenuto in altre parti dei suddetti siti dovesse risultare, ai sensi della legge applicabile, invalido o non applicabile, in tutto o in parte, per qualsiasi motivo, la parte del termine o della condizione non affetta da vizio nonch\u00e9 tutti gli altri termini e condizioni continueranno ad avere piena validit\u00e0 ed efficacia.<\/p>\n","protected":false},"excerpt":{"rendered":"<p>Accettazione dei termini e condizioni L&#8217;accettazione puntuale dei termini, delle condizioni e delle avvertenze contenute nel presente sito Web \u00e8 condizione necessaria per l&#8217;utilizzazione dello stesso e dei relativi servizi. L&#8217;uso dei siti Web di titolarit\u00e0 di Dea Capital Real Estate SGR comporta l&#8217;accettazione di tutti i termini, le condizioni di utilizzo e le avvertenze [&hellip;]<\/p>\n","protected":false},"author":2,"featured_media":0,"parent":0,"menu_order":0,"comment_status":"closed","ping_status":"closed","template":"","meta":{"_acf_changed":false,"footnotes":""},"class_list":["post-2226","page","type-page","status-publish","hentry"],"acf":[],"_links":{"self":[{"href":"https:\/\/www.fondoalpha.it\/en\/wp-json\/wp\/v2\/pages\/2226","targetHints":{"allow":["GET"]}}],"collection":[{"href":"https:\/\/www.fondoalpha.it\/en\/wp-json\/wp\/v2\/pages"}],"about":[{"href":"https:\/\/www.fondoalpha.it\/en\/wp-json\/wp\/v2\/types\/page"}],"author":[{"embeddable":true,"href":"https:\/\/www.fondoalpha.it\/en\/wp-json\/wp\/v2\/users\/2"}],"replies":[{"embeddable":true,"href":"https:\/\/www.fondoalpha.it\/en\/wp-json\/wp\/v2\/comments?post=2226"}],"version-history":[{"count":0,"href":"https:\/\/www.fondoalpha.it\/en\/wp-json\/wp\/v2\/pages\/2226\/revisions"}],"wp:attachment":[{"href":"https:\/\/www.fondoalpha.it\/en\/wp-json\/wp\/v2\/media?parent=2226"}],"curies":[{"name":"wp","href":"https:\/\/api.w.org\/{rel}","templated":true}]}}